{"id":2381,"date":"2025-02-06T14:29:36","date_gmt":"2025-02-06T14:29:36","guid":{"rendered":"https:\/\/mcgillstlaurent.hamakmarketingnumerique.com\/msl-climate\/"},"modified":"2025-04-07T13:55:10","modified_gmt":"2025-04-07T13:55:10","slug":"msl-climat","status":"publish","type":"page","link":"https:\/\/mcgillstlaurent.com\/fr\/msl-climat\/","title":{"rendered":"MSL Climat"},"content":{"rendered":"","protected":false},"excerpt":{"rendered":"","protected":false},"author":2,"featured_media":1364,"parent":0,"menu_order":0,"comment_status":"closed","ping_status":"closed","template":"tpl-climate.php","meta":{"_acf_changed":false,"inline_featured_image":false,"footnotes":""},"class_list":["post-2381","page","type-page","status-publish","has-post-thumbnail","hentry"],"acf":[],"yoast_head":"<!-- This site is optimized with the Yoast SEO plugin v25.2 - https:\/\/yoast.com\/wordpress\/plugins\/seo\/ -->\n<title>Solutions de cr\u00e9dit carbone et attributs environnementaux | MSL<\/title>\n<meta name=\"description\" content=\"Gr\u00e2ce \u00e0 des solutions innovantes en mati\u00e8re de durabilit\u00e9, nous aidons les entreprises \u00e0 r\u00e9duire leur empreinte carbone.\" \/>\n<meta name=\"robots\" content=\"index, follow, max-snippet:-1, max-image-preview:large, max-video-preview:-1\" \/>\n<link rel=\"canonical\" href=\"https:\/\/mcgillstlaurent.com\/fr\/msl-climat\/\" \/>\n<meta property=\"og:locale\" content=\"fr_FR\" \/>\n<meta property=\"og:type\" content=\"article\" \/>\n<meta property=\"og:title\" content=\"Solutions de cr\u00e9dit carbone et attributs environnementaux | MSL\" \/>\n<meta property=\"og:description\" content=\"Gr\u00e2ce \u00e0 des solutions innovantes en mati\u00e8re de durabilit\u00e9, nous aidons les entreprises \u00e0 r\u00e9duire leur empreinte carbone.\" \/>\n<meta property=\"og:url\" content=\"https:\/\/mcgillstlaurent.com\/fr\/msl-climat\/\" \/>\n<meta property=\"og:site_name\" content=\"McGill St Laurent\" \/>\n<meta property=\"article:modified_time\" content=\"2025-04-07T13:55:10+00:00\" \/>\n<meta property=\"og:image\" content=\"https:\/\/mcgillstlaurent.com\/wp-content\/uploads\/2025\/02\/iStock-1316615657-2.jpg\" \/>\n\t<meta property=\"og:image:width\" content=\"2121\" \/>\n\t<meta property=\"og:image:height\" content=\"1414\" \/>\n\t<meta property=\"og:image:type\" content=\"image\/jpeg\" \/>\n<meta name=\"twitter:card\" content=\"summary_large_image\" \/>\n<meta name=\"twitter:label1\" content=\"Dur\u00e9e de lecture estim\u00e9e\" \/>\n\t<meta name=\"twitter:data1\" content=\"1 minute\" \/>\n<script type=\"application\/ld+json\" class=\"yoast-schema-graph\">{\"@context\":\"https:\/\/schema.org\",\"@graph\":[{\"@type\":\"WebPage\",\"@id\":\"https:\/\/mcgillstlaurent.com\/fr\/msl-climat\/\",\"url\":\"https:\/\/mcgillstlaurent.com\/fr\/msl-climat\/\",\"name\":\"Solutions de cr\u00e9dit carbone et attributs environnementaux | MSL\",\"isPartOf\":{\"@id\":\"https:\/\/mcgillstlaurent.com\/fr\/#website\"},\"primaryImageOfPage\":{\"@id\":\"https:\/\/mcgillstlaurent.com\/fr\/msl-climat\/#primaryimage\"},\"image\":{\"@id\":\"https:\/\/mcgillstlaurent.com\/fr\/msl-climat\/#primaryimage\"},\"thumbnailUrl\":\"https:\/\/mcgillstlaurent.com\/wp-content\/uploads\/2025\/02\/iStock-1316615657-2.jpg\",\"datePublished\":\"2025-02-06T14:29:36+00:00\",\"dateModified\":\"2025-04-07T13:55:10+00:00\",\"description\":\"Gr\u00e2ce \u00e0 des solutions innovantes en mati\u00e8re de durabilit\u00e9, nous aidons les entreprises \u00e0 r\u00e9duire leur empreinte carbone.\",\"breadcrumb\":{\"@id\":\"https:\/\/mcgillstlaurent.com\/fr\/msl-climat\/#breadcrumb\"},\"inLanguage\":\"fr-FR\",\"potentialAction\":[{\"@type\":\"ReadAction\",\"target\":[\"https:\/\/mcgillstlaurent.com\/fr\/msl-climat\/\"]}]},{\"@type\":\"ImageObject\",\"inLanguage\":\"fr-FR\",\"@id\":\"https:\/\/mcgillstlaurent.com\/fr\/msl-climat\/#primaryimage\",\"url\":\"https:\/\/mcgillstlaurent.com\/wp-content\/uploads\/2025\/02\/iStock-1316615657-2.jpg\",\"contentUrl\":\"https:\/\/mcgillstlaurent.com\/wp-content\/uploads\/2025\/02\/iStock-1316615657-2.jpg\",\"width\":2121,\"height\":1414},{\"@type\":\"BreadcrumbList\",\"@id\":\"https:\/\/mcgillstlaurent.com\/fr\/msl-climat\/#breadcrumb\",\"itemListElement\":[{\"@type\":\"ListItem\",\"position\":1,\"name\":\"Home\",\"item\":\"https:\/\/mcgillstlaurent.com\/fr\/\"},{\"@type\":\"ListItem\",\"position\":2,\"name\":\"MSL Climat\"}]},{\"@type\":\"WebSite\",\"@id\":\"https:\/\/mcgillstlaurent.com\/fr\/#website\",\"url\":\"https:\/\/mcgillstlaurent.com\/fr\/\",\"name\":\"McGill St Laurent\",\"description\":\"Building, feeding and electrifying a sustainable future\",\"publisher\":{\"@id\":\"https:\/\/mcgillstlaurent.com\/fr\/#organization\"},\"potentialAction\":[{\"@type\":\"SearchAction\",\"target\":{\"@type\":\"EntryPoint\",\"urlTemplate\":\"https:\/\/mcgillstlaurent.com\/fr\/?s={search_term_string}\"},\"query-input\":{\"@type\":\"PropertyValueSpecification\",\"valueRequired\":true,\"valueName\":\"search_term_string\"}}],\"inLanguage\":\"fr-FR\"},{\"@type\":\"Organization\",\"@id\":\"https:\/\/mcgillstlaurent.com\/fr\/#organization\",\"name\":\"McGill St Laurent\",\"url\":\"https:\/\/mcgillstlaurent.com\/fr\/\",\"logo\":{\"@type\":\"ImageObject\",\"inLanguage\":\"fr-FR\",\"@id\":\"https:\/\/mcgillstlaurent.com\/fr\/#\/schema\/logo\/image\/\",\"url\":\"https:\/\/mcgillstlaurent.com\/wp-content\/uploads\/2025\/02\/logo.svg\",\"contentUrl\":\"https:\/\/mcgillstlaurent.com\/wp-content\/uploads\/2025\/02\/logo.svg\",\"width\":110,\"height\":36,\"caption\":\"McGill St Laurent\"},\"image\":{\"@id\":\"https:\/\/mcgillstlaurent.com\/fr\/#\/schema\/logo\/image\/\"}}]}<\/script>\n<!-- \/ Yoast SEO plugin. -->","yoast_head_json":{"title":"Solutions de cr\u00e9dit carbone et attributs environnementaux | MSL","description":"Gr\u00e2ce \u00e0 des solutions innovantes en mati\u00e8re de durabilit\u00e9, nous aidons les entreprises \u00e0 r\u00e9duire leur empreinte carbone.","robots":{"index":"index","follow":"follow","max-snippet":"max-snippet:-1","max-image-preview":"max-image-preview:large","max-video-preview":"max-video-preview:-1"},"canonical":"https:\/\/mcgillstlaurent.com\/fr\/msl-climat\/","og_locale":"fr_FR","og_type":"article","og_title":"Solutions de cr\u00e9dit carbone et attributs environnementaux | MSL","og_description":"Gr\u00e2ce \u00e0 des solutions innovantes en mati\u00e8re de durabilit\u00e9, nous aidons les entreprises \u00e0 r\u00e9duire leur empreinte carbone.","og_url":"https:\/\/mcgillstlaurent.com\/fr\/msl-climat\/","og_site_name":"McGill St Laurent","article_modified_time":"2025-04-07T13:55:10+00:00","og_image":[{"width":2121,"height":1414,"url":"https:\/\/mcgillstlaurent.com\/wp-content\/uploads\/2025\/02\/iStock-1316615657-2.jpg","type":"image\/jpeg"}],"twitter_card":"summary_large_image","twitter_misc":{"Dur\u00e9e de lecture estim\u00e9e":"1 minute"},"schema":{"@context":"https:\/\/schema.org","@graph":[{"@type":"WebPage","@id":"https:\/\/mcgillstlaurent.com\/fr\/msl-climat\/","url":"https:\/\/mcgillstlaurent.com\/fr\/msl-climat\/","name":"Solutions de cr\u00e9dit carbone et attributs environnementaux | MSL","isPartOf":{"@id":"https:\/\/mcgillstlaurent.com\/fr\/#website"},"primaryImageOfPage":{"@id":"https:\/\/mcgillstlaurent.com\/fr\/msl-climat\/#primaryimage"},"image":{"@id":"https:\/\/mcgillstlaurent.com\/fr\/msl-climat\/#primaryimage"},"thumbnailUrl":"https:\/\/mcgillstlaurent.com\/wp-content\/uploads\/2025\/02\/iStock-1316615657-2.jpg","datePublished":"2025-02-06T14:29:36+00:00","dateModified":"2025-04-07T13:55:10+00:00","description":"Gr\u00e2ce \u00e0 des solutions innovantes en mati\u00e8re de durabilit\u00e9, nous aidons les entreprises \u00e0 r\u00e9duire leur empreinte carbone.","breadcrumb":{"@id":"https:\/\/mcgillstlaurent.com\/fr\/msl-climat\/#breadcrumb"},"inLanguage":"fr-FR","potentialAction":[{"@type":"ReadAction","target":["https:\/\/mcgillstlaurent.com\/fr\/msl-climat\/"]}]},{"@type":"ImageObject","inLanguage":"fr-FR","@id":"https:\/\/mcgillstlaurent.com\/fr\/msl-climat\/#primaryimage","url":"https:\/\/mcgillstlaurent.com\/wp-content\/uploads\/2025\/02\/iStock-1316615657-2.jpg","contentUrl":"https:\/\/mcgillstlaurent.com\/wp-content\/uploads\/2025\/02\/iStock-1316615657-2.jpg","width":2121,"height":1414},{"@type":"BreadcrumbList","@id":"https:\/\/mcgillstlaurent.com\/fr\/msl-climat\/#breadcrumb","itemListElement":[{"@type":"ListItem","position":1,"name":"Home","item":"https:\/\/mcgillstlaurent.com\/fr\/"},{"@type":"ListItem","position":2,"name":"MSL Climat"}]},{"@type":"WebSite","@id":"https:\/\/mcgillstlaurent.com\/fr\/#website","url":"https:\/\/mcgillstlaurent.com\/fr\/","name":"McGill St Laurent","description":"Building, feeding and electrifying a sustainable future","publisher":{"@id":"https:\/\/mcgillstlaurent.com\/fr\/#organization"},"potentialAction":[{"@type":"SearchAction","target":{"@type":"EntryPoint","urlTemplate":"https:\/\/mcgillstlaurent.com\/fr\/?s={search_term_string}"},"query-input":{"@type":"PropertyValueSpecification","valueRequired":true,"valueName":"search_term_string"}}],"inLanguage":"fr-FR"},{"@type":"Organization","@id":"https:\/\/mcgillstlaurent.com\/fr\/#organization","name":"McGill St Laurent","url":"https:\/\/mcgillstlaurent.com\/fr\/","logo":{"@type":"ImageObject","inLanguage":"fr-FR","@id":"https:\/\/mcgillstlaurent.com\/fr\/#\/schema\/logo\/image\/","url":"https:\/\/mcgillstlaurent.com\/wp-content\/uploads\/2025\/02\/logo.svg","contentUrl":"https:\/\/mcgillstlaurent.com\/wp-content\/uploads\/2025\/02\/logo.svg","width":110,"height":36,"caption":"McGill St Laurent"},"image":{"@id":"https:\/\/mcgillstlaurent.com\/fr\/#\/schema\/logo\/image\/"}}]}},"_links":{"self":[{"href":"https:\/\/mcgillstlaurent.com\/fr\/wp-json\/wp\/v2\/pages\/2381","targetHints":{"allow":["GET"]}}],"collection":[{"href":"https:\/\/mcgillstlaurent.com\/fr\/wp-json\/wp\/v2\/pages"}],"about":[{"href":"https:\/\/mcgillstlaurent.com\/fr\/wp-json\/wp\/v2\/types\/page"}],"author":[{"embeddable":true,"href":"https:\/\/mcgillstlaurent.com\/fr\/wp-json\/wp\/v2\/users\/2"}],"replies":[{"embeddable":true,"href":"https:\/\/mcgillstlaurent.com\/fr\/wp-json\/wp\/v2\/comments?post=2381"}],"version-history":[{"count":10,"href":"https:\/\/mcgillstlaurent.com\/fr\/wp-json\/wp\/v2\/pages\/2381\/revisions"}],"predecessor-version":[{"id":3080,"href":"https:\/\/mcgillstlaurent.com\/fr\/wp-json\/wp\/v2\/pages\/2381\/revisions\/3080"}],"wp:featuredmedia":[{"embeddable":true,"href":"https:\/\/mcgillstlaurent.com\/fr\/wp-json\/wp\/v2\/media\/1364"}],"wp:attachment":[{"href":"https:\/\/mcgillstlaurent.com\/fr\/wp-json\/wp\/v2\/media?parent=2381"}],"curies":[{"name":"wp","href":"https:\/\/api.w.org\/{rel}","templated":true}]}}