{"id":2407,"date":"2025-02-10T12:17:16","date_gmt":"2025-02-10T12:17:16","guid":{"rendered":"https:\/\/mcgillstlaurent.hamakmarketingnumerique.com\/cwp-energie\/arb\/"},"modified":"2025-03-18T18:00:06","modified_gmt":"2025-03-18T18:00:06","slug":"arb","status":"publish","type":"page","link":"https:\/\/mcgillstlaurent.com\/fr\/cwp-energie\/arb\/","title":{"rendered":"ARB"},"content":{"rendered":"","protected":false},"excerpt":{"rendered":"","protected":false},"author":2,"featured_media":1361,"parent":928,"menu_order":0,"comment_status":"closed","ping_status":"closed","template":"tpl-arb.php","meta":{"_acf_changed":false,"inline_featured_image":false,"footnotes":""},"class_list":["post-2407","page","type-page","status-publish","has-post-thumbnail","hentry"],"acf":[],"yoast_head":"<!-- This site is optimized with the Yoast SEO plugin v25.2 - https:\/\/yoast.com\/wordpress\/plugins\/seo\/ -->\n<title>\u00c9nergie renouvelable et batteries augment\u00e9es | CWP \u00c9nergie<\/title>\n<meta name=\"description\" content=\"ARB est notre solution tout-en-un pour l\u2019optimisation des \u00e9nergies renouvelables et des batteries, offrant une transparence et une visibilit\u00e9 sur nos positions de trading ainsi que des donn\u00e9es de performance compl\u00e8tes.\" \/>\n<meta name=\"robots\" content=\"index, follow, max-snippet:-1, max-image-preview:large, max-video-preview:-1\" \/>\n<link rel=\"canonical\" href=\"https:\/\/mcgillstlaurent.com\/fr\/cwp-energie\/arb\/\" \/>\n<meta property=\"og:locale\" content=\"fr_FR\" \/>\n<meta property=\"og:type\" content=\"article\" \/>\n<meta property=\"og:title\" content=\"\u00c9nergie renouvelable et batteries augment\u00e9es | CWP \u00c9nergie\" \/>\n<meta property=\"og:description\" content=\"ARB est notre solution tout-en-un pour l\u2019optimisation des \u00e9nergies renouvelables et des batteries, offrant une transparence et une visibilit\u00e9 sur nos positions de trading ainsi que des donn\u00e9es de performance compl\u00e8tes.\" \/>\n<meta property=\"og:url\" content=\"https:\/\/mcgillstlaurent.com\/fr\/cwp-energie\/arb\/\" \/>\n<meta property=\"og:site_name\" content=\"McGill St Laurent\" \/>\n<meta property=\"article:modified_time\" content=\"2025-03-18T18:00:06+00:00\" \/>\n<meta property=\"og:image\" content=\"https:\/\/mcgillstlaurent.com\/wp-content\/uploads\/2025\/02\/iStock-1502391548-2.jpg\" \/>\n\t<meta property=\"og:image:width\" content=\"2309\" \/>\n\t<meta property=\"og:image:height\" content=\"1299\" \/>\n\t<meta property=\"og:image:type\" content=\"image\/jpeg\" \/>\n<meta name=\"twitter:card\" content=\"summary_large_image\" \/>\n<meta name=\"twitter:label1\" content=\"Dur\u00e9e de lecture estim\u00e9e\" \/>\n\t<meta name=\"twitter:data1\" content=\"1 minute\" \/>\n<script type=\"application\/ld+json\" class=\"yoast-schema-graph\">{\"@context\":\"https:\/\/schema.org\",\"@graph\":[{\"@type\":\"WebPage\",\"@id\":\"https:\/\/mcgillstlaurent.com\/fr\/cwp-energie\/arb\/\",\"url\":\"https:\/\/mcgillstlaurent.com\/fr\/cwp-energie\/arb\/\",\"name\":\"\u00c9nergie renouvelable et batteries augment\u00e9es | CWP \u00c9nergie\",\"isPartOf\":{\"@id\":\"https:\/\/mcgillstlaurent.com\/fr\/#website\"},\"primaryImageOfPage\":{\"@id\":\"https:\/\/mcgillstlaurent.com\/fr\/cwp-energie\/arb\/#primaryimage\"},\"image\":{\"@id\":\"https:\/\/mcgillstlaurent.com\/fr\/cwp-energie\/arb\/#primaryimage\"},\"thumbnailUrl\":\"https:\/\/mcgillstlaurent.com\/wp-content\/uploads\/2025\/02\/iStock-1502391548-2.jpg\",\"datePublished\":\"2025-02-10T12:17:16+00:00\",\"dateModified\":\"2025-03-18T18:00:06+00:00\",\"description\":\"ARB est notre solution tout-en-un pour l\u2019optimisation des \u00e9nergies renouvelables et des batteries, offrant une transparence et une visibilit\u00e9 sur nos positions de trading ainsi que des donn\u00e9es de performance compl\u00e8tes.\",\"breadcrumb\":{\"@id\":\"https:\/\/mcgillstlaurent.com\/fr\/cwp-energie\/arb\/#breadcrumb\"},\"inLanguage\":\"fr-FR\",\"potentialAction\":[{\"@type\":\"ReadAction\",\"target\":[\"https:\/\/mcgillstlaurent.com\/fr\/cwp-energie\/arb\/\"]}]},{\"@type\":\"ImageObject\",\"inLanguage\":\"fr-FR\",\"@id\":\"https:\/\/mcgillstlaurent.com\/fr\/cwp-energie\/arb\/#primaryimage\",\"url\":\"https:\/\/mcgillstlaurent.com\/wp-content\/uploads\/2025\/02\/iStock-1502391548-2.jpg\",\"contentUrl\":\"https:\/\/mcgillstlaurent.com\/wp-content\/uploads\/2025\/02\/iStock-1502391548-2.jpg\",\"width\":2309,\"height\":1299},{\"@type\":\"BreadcrumbList\",\"@id\":\"https:\/\/mcgillstlaurent.com\/fr\/cwp-energie\/arb\/#breadcrumb\",\"itemListElement\":[{\"@type\":\"ListItem\",\"position\":1,\"name\":\"Home\",\"item\":\"https:\/\/mcgillstlaurent.com\/fr\/\"},{\"@type\":\"ListItem\",\"position\":2,\"name\":\"CWP \u00c9nergie\",\"item\":\"https:\/\/mcgillstlaurent.com\/fr\/cwp-energie\/\"},{\"@type\":\"ListItem\",\"position\":3,\"name\":\"ARB\"}]},{\"@type\":\"WebSite\",\"@id\":\"https:\/\/mcgillstlaurent.com\/fr\/#website\",\"url\":\"https:\/\/mcgillstlaurent.com\/fr\/\",\"name\":\"McGill St Laurent\",\"description\":\"Building, feeding and electrifying a sustainable future\",\"publisher\":{\"@id\":\"https:\/\/mcgillstlaurent.com\/fr\/#organization\"},\"potentialAction\":[{\"@type\":\"SearchAction\",\"target\":{\"@type\":\"EntryPoint\",\"urlTemplate\":\"https:\/\/mcgillstlaurent.com\/fr\/?s={search_term_string}\"},\"query-input\":{\"@type\":\"PropertyValueSpecification\",\"valueRequired\":true,\"valueName\":\"search_term_string\"}}],\"inLanguage\":\"fr-FR\"},{\"@type\":\"Organization\",\"@id\":\"https:\/\/mcgillstlaurent.com\/fr\/#organization\",\"name\":\"McGill St Laurent\",\"url\":\"https:\/\/mcgillstlaurent.com\/fr\/\",\"logo\":{\"@type\":\"ImageObject\",\"inLanguage\":\"fr-FR\",\"@id\":\"https:\/\/mcgillstlaurent.com\/fr\/#\/schema\/logo\/image\/\",\"url\":\"https:\/\/mcgillstlaurent.com\/wp-content\/uploads\/2025\/02\/logo.svg\",\"contentUrl\":\"https:\/\/mcgillstlaurent.com\/wp-content\/uploads\/2025\/02\/logo.svg\",\"width\":110,\"height\":36,\"caption\":\"McGill St Laurent\"},\"image\":{\"@id\":\"https:\/\/mcgillstlaurent.com\/fr\/#\/schema\/logo\/image\/\"}}]}<\/script>\n<!-- \/ Yoast SEO plugin. -->","yoast_head_json":{"title":"\u00c9nergie renouvelable et batteries augment\u00e9es | CWP \u00c9nergie","description":"ARB est notre solution tout-en-un pour l\u2019optimisation des \u00e9nergies renouvelables et des batteries, offrant une transparence et une visibilit\u00e9 sur nos positions de trading ainsi que des donn\u00e9es de performance compl\u00e8tes.","robots":{"index":"index","follow":"follow","max-snippet":"max-snippet:-1","max-image-preview":"max-image-preview:large","max-video-preview":"max-video-preview:-1"},"canonical":"https:\/\/mcgillstlaurent.com\/fr\/cwp-energie\/arb\/","og_locale":"fr_FR","og_type":"article","og_title":"\u00c9nergie renouvelable et batteries augment\u00e9es | CWP \u00c9nergie","og_description":"ARB est notre solution tout-en-un pour l\u2019optimisation des \u00e9nergies renouvelables et des batteries, offrant une transparence et une visibilit\u00e9 sur nos positions de trading ainsi que des donn\u00e9es de performance compl\u00e8tes.","og_url":"https:\/\/mcgillstlaurent.com\/fr\/cwp-energie\/arb\/","og_site_name":"McGill St Laurent","article_modified_time":"2025-03-18T18:00:06+00:00","og_image":[{"width":2309,"height":1299,"url":"https:\/\/mcgillstlaurent.com\/wp-content\/uploads\/2025\/02\/iStock-1502391548-2.jpg","type":"image\/jpeg"}],"twitter_card":"summary_large_image","twitter_misc":{"Dur\u00e9e de lecture estim\u00e9e":"1 minute"},"schema":{"@context":"https:\/\/schema.org","@graph":[{"@type":"WebPage","@id":"https:\/\/mcgillstlaurent.com\/fr\/cwp-energie\/arb\/","url":"https:\/\/mcgillstlaurent.com\/fr\/cwp-energie\/arb\/","name":"\u00c9nergie renouvelable et batteries augment\u00e9es | CWP \u00c9nergie","isPartOf":{"@id":"https:\/\/mcgillstlaurent.com\/fr\/#website"},"primaryImageOfPage":{"@id":"https:\/\/mcgillstlaurent.com\/fr\/cwp-energie\/arb\/#primaryimage"},"image":{"@id":"https:\/\/mcgillstlaurent.com\/fr\/cwp-energie\/arb\/#primaryimage"},"thumbnailUrl":"https:\/\/mcgillstlaurent.com\/wp-content\/uploads\/2025\/02\/iStock-1502391548-2.jpg","datePublished":"2025-02-10T12:17:16+00:00","dateModified":"2025-03-18T18:00:06+00:00","description":"ARB est notre solution tout-en-un pour l\u2019optimisation des \u00e9nergies renouvelables et des batteries, offrant une transparence et une visibilit\u00e9 sur nos positions de trading ainsi que des donn\u00e9es de performance compl\u00e8tes.","breadcrumb":{"@id":"https:\/\/mcgillstlaurent.com\/fr\/cwp-energie\/arb\/#breadcrumb"},"inLanguage":"fr-FR","potentialAction":[{"@type":"ReadAction","target":["https:\/\/mcgillstlaurent.com\/fr\/cwp-energie\/arb\/"]}]},{"@type":"ImageObject","inLanguage":"fr-FR","@id":"https:\/\/mcgillstlaurent.com\/fr\/cwp-energie\/arb\/#primaryimage","url":"https:\/\/mcgillstlaurent.com\/wp-content\/uploads\/2025\/02\/iStock-1502391548-2.jpg","contentUrl":"https:\/\/mcgillstlaurent.com\/wp-content\/uploads\/2025\/02\/iStock-1502391548-2.jpg","width":2309,"height":1299},{"@type":"BreadcrumbList","@id":"https:\/\/mcgillstlaurent.com\/fr\/cwp-energie\/arb\/#breadcrumb","itemListElement":[{"@type":"ListItem","position":1,"name":"Home","item":"https:\/\/mcgillstlaurent.com\/fr\/"},{"@type":"ListItem","position":2,"name":"CWP \u00c9nergie","item":"https:\/\/mcgillstlaurent.com\/fr\/cwp-energie\/"},{"@type":"ListItem","position":3,"name":"ARB"}]},{"@type":"WebSite","@id":"https:\/\/mcgillstlaurent.com\/fr\/#website","url":"https:\/\/mcgillstlaurent.com\/fr\/","name":"McGill St Laurent","description":"Building, feeding and electrifying a sustainable future","publisher":{"@id":"https:\/\/mcgillstlaurent.com\/fr\/#organization"},"potentialAction":[{"@type":"SearchAction","target":{"@type":"EntryPoint","urlTemplate":"https:\/\/mcgillstlaurent.com\/fr\/?s={search_term_string}"},"query-input":{"@type":"PropertyValueSpecification","valueRequired":true,"valueName":"search_term_string"}}],"inLanguage":"fr-FR"},{"@type":"Organization","@id":"https:\/\/mcgillstlaurent.com\/fr\/#organization","name":"McGill St Laurent","url":"https:\/\/mcgillstlaurent.com\/fr\/","logo":{"@type":"ImageObject","inLanguage":"fr-FR","@id":"https:\/\/mcgillstlaurent.com\/fr\/#\/schema\/logo\/image\/","url":"https:\/\/mcgillstlaurent.com\/wp-content\/uploads\/2025\/02\/logo.svg","contentUrl":"https:\/\/mcgillstlaurent.com\/wp-content\/uploads\/2025\/02\/logo.svg","width":110,"height":36,"caption":"McGill St Laurent"},"image":{"@id":"https:\/\/mcgillstlaurent.com\/fr\/#\/schema\/logo\/image\/"}}]}},"_links":{"self":[{"href":"https:\/\/mcgillstlaurent.com\/fr\/wp-json\/wp\/v2\/pages\/2407","targetHints":{"allow":["GET"]}}],"collection":[{"href":"https:\/\/mcgillstlaurent.com\/fr\/wp-json\/wp\/v2\/pages"}],"about":[{"href":"https:\/\/mcgillstlaurent.com\/fr\/wp-json\/wp\/v2\/types\/page"}],"author":[{"embeddable":true,"href":"https:\/\/mcgillstlaurent.com\/fr\/wp-json\/wp\/v2\/users\/2"}],"replies":[{"embeddable":true,"href":"https:\/\/mcgillstlaurent.com\/fr\/wp-json\/wp\/v2\/comments?post=2407"}],"version-history":[{"count":3,"href":"https:\/\/mcgillstlaurent.com\/fr\/wp-json\/wp\/v2\/pages\/2407\/revisions"}],"predecessor-version":[{"id":2582,"href":"https:\/\/mcgillstlaurent.com\/fr\/wp-json\/wp\/v2\/pages\/2407\/revisions\/2582"}],"up":[{"embeddable":true,"href":"https:\/\/mcgillstlaurent.com\/fr\/wp-json\/wp\/v2\/pages\/928"}],"wp:featuredmedia":[{"embeddable":true,"href":"https:\/\/mcgillstlaurent.com\/fr\/wp-json\/wp\/v2\/media\/1361"}],"wp:attachment":[{"href":"https:\/\/mcgillstlaurent.com\/fr\/wp-json\/wp\/v2\/media?parent=2407"}],"curies":[{"name":"wp","href":"https:\/\/api.w.org\/{rel}","templated":true}]}}